{"id":130,"date":"2014-07-29T21:59:59","date_gmt":"2014-07-29T21:59:59","guid":{"rendered":"http:\/\/bkircher.at\/wordpress\/?p=130"},"modified":"2015-11-07T06:40:55","modified_gmt":"2015-11-07T06:40:55","slug":"pat-boone-peter-kraus-und-andy-lee-lang-in-moerbisch","status":"publish","type":"page","link":"https:\/\/bkircher.at\/wordpress\/konzerte\/pat-boone-peter-kraus-und-andy-lee-lang-in-moerbisch\/","title":{"rendered":"Pat Boone, Peter Kraus und Andy Lee Lang in M\u00f6rbisch"},"content":{"rendered":"<section  class='av_textblock_section av-av_textblock-0366cc7376be6c9e82a3e9cc8987b64f '   itemscope=\"itemscope\" itemtype=\"https:\/\/schema.org\/CreativeWork\" ><div class='avia_textblock'  itemprop=\"text\" ><p><a href=\"http:\/\/www.bkircher.at\/wp_bkircher\/wp-content\/uploads\/2014\/07\/images.jpg\"><img loading=\"lazy\" decoding=\"async\" src=\"http:\/\/www.bkircher.at\/wp_bkircher\/wp-content\/uploads\/2014\/07\/images.jpg\" alt=\"images\" width=\"240\" height=\"200\" class=\"alignnone size-full wp-image-502\" srcset=\"https:\/\/bkircher.at\/wordpress\/wp-content\/uploads\/2014\/07\/images.jpg 240w, https:\/\/bkircher.at\/wordpress\/wp-content\/uploads\/2014\/07\/images-80x67.jpg 80w\" sizes=\"auto, (max-width: 240px) 100vw, 240px\" \/><\/a><\/p>\n<p>Zusammen sind sie gez\u00e4hlte 204 Jahre alt: Pat Boone (80), Peter Kraus (75) und Andy Lee Lang (49). Das Motto des wohltemperierten Sommerabends in M\u00f6rbisch lautet &#8222;Rock &#038; Roll Forever&#8220; und das ebenfalls schon etwas gesetztere Publikum hat keine Probleme den 3 Interpreten dabei zuzustimmen.<\/p>\n<p><!--more--><\/p>\n<h2>Andy Lee Lang und Peter Kraus<\/h2>\n<p>Andy Lee Lang er\u00f6ffnet die Show mit allerlei Rock &#038; Roll Titel aus den 50er und 60er Jahren, dann liefert Peter Kraus eine tolle Show mit zahlreichen seiner deutschen Hits (Va Bene, Mit Siebzehn, Wenn Teenager Tr\u00e4umen und nat\u00fcrlich Sugar Baby) leider auch einige englische Interpretationen wie dem Jailhouse Rock &#8211; da h\u00e4tte es die deutsche Version, die f\u00fcr ihn ja typisch war und ist, weitaus besser getan. Dann geht&#8217;s ab in die Pause. <\/p>\n<p><h2>Pause<\/h2>\n<p>Die Pause bietet erste Gelegenheit Pat Boone zu treffen, denn dieser schreibt, wie auch seine beiden Kollegen, eifrig Autogramme. Dabei wirkt der 80j\u00e4hrige weitaus j\u00fcnger als man bei seinem Alter annehmen d\u00fcrfte &#8211; und er gibt sich publikumsnah, denn sogar ein Selfie mit ihm ist m\u00f6glich. Auch die Gelegenheit, einen alten Single Cover von Peter Kraus signieren zu lassen, packen wir am Schopf und stellen uns bei seinen Fans an, die alle von ihm ein Autogramm wollen.<\/p>\n<p><h2>Pat Boone und Finale<\/h2>\n<p><img loading=\"lazy\" decoding=\"async\" src=\"http:\/\/bkircher.at\/wp_bkircher\/wp-content\/uploads\/2014\/08\/Pat_Boone_Peter_Kraus_Andy_Lee_Lang.jpg\" alt=\"Pat Boone Peter Kraus Andy Lee Lang\" title=\"Pat_Boone_Peter_Kraus_Andy_Lee_Lang.jpg\" border=\"0\" width=\"600\" height=\"450\" \/><\/p>\n<p>Nach erneutem Anheizen des Publikums durch Andy Lee Lang und Peter Kraus betritt knapp vor 23 Uhr Pat Boone die B\u00fchne. Im schneeweisen B\u00fchnenanzug erinnert er fast an Elvis Presley in Las Vegas und bringt einen Hit nach dem anderen: Moody River, Ain&#8217;t That A Shame, Speed Gonzales, Bernadine, Love Letter In The Sand, &#8230; <\/p>\n<p>H\u00f6hepunkt des Konzerts ist dann aber die gemein vorgetragene Hymne &#8222;Rocken&#8216; All Over the World&#8220;, wo alle 3 noch einmal ihre 204 Jahre vergessen lassen und \u00fcber die B\u00fchne fegen.<\/p>\n<\/div><\/section>\n\n<style type=\"text\/css\" data-created_by=\"avia_inline_auto\" id=\"style-css-av-av_one_full-9497bbf8bff73ea4c6992cc17fa9ec36\">\n.flex_column.av-av_one_full-9497bbf8bff73ea4c6992cc17fa9ec36{\nborder-radius:0px 0px 0px 0px;\npadding:0px 0px 0px 0px;\n}\n<\/style>\n<div  class='flex_column av-av_one_full-9497bbf8bff73ea4c6992cc17fa9ec36 av_one_full  avia-builder-el-1  el_after_av_textblock  avia-builder-el-last  first flex_column_div av-zero-column-padding  column-top-margin'     ><\/div>\n","protected":false},"excerpt":{"rendered":"<p>Zusammen sind sie gez\u00e4hlte 204 Jahre alt: Pat Boone (80), Peter Kraus (75) und Andy Lee Lang (49). Das Motto des wohltemperierten Sommerabends in M\u00f6rbisch lautet &#8222;Rock &#038; Roll Forever&#8220; und das ebenfalls schon etwas gesetztere Publikum hat keine Probleme den 3 Interpreten dabei zuzustimmen.<\/p>\n","protected":false},"author":1,"featured_media":0,"parent":269,"menu_order":0,"comment_status":"closed","ping_status":"closed","template":"","meta":{"footnotes":""},"class_list":["post-130","page","type-page","status-publish","hentry"],"_links":{"self":[{"href":"https:\/\/bkircher.at\/wordpress\/wp-json\/wp\/v2\/pages\/130","targetHints":{"allow":["GET"]}}],"collection":[{"href":"https:\/\/bkircher.at\/wordpress\/wp-json\/wp\/v2\/pages"}],"about":[{"href":"https:\/\/bkircher.at\/wordpress\/wp-json\/wp\/v2\/types\/page"}],"author":[{"embeddable":true,"href":"https:\/\/bkircher.at\/wordpress\/wp-json\/wp\/v2\/users\/1"}],"replies":[{"embeddable":true,"href":"https:\/\/bkircher.at\/wordpress\/wp-json\/wp\/v2\/comments?post=130"}],"version-history":[{"count":5,"href":"https:\/\/bkircher.at\/wordpress\/wp-json\/wp\/v2\/pages\/130\/revisions"}],"predecessor-version":[{"id":561,"href":"https:\/\/bkircher.at\/wordpress\/wp-json\/wp\/v2\/pages\/130\/revisions\/561"}],"up":[{"embeddable":true,"href":"https:\/\/bkircher.at\/wordpress\/wp-json\/wp\/v2\/pages\/269"}],"wp:attachment":[{"href":"https:\/\/bkircher.at\/wordpress\/wp-json\/wp\/v2\/media?parent=130"}],"curies":[{"name":"wp","href":"https:\/\/api.w.org\/{rel}","templated":true}]}}