{"id":162,"date":"2014-10-15T21:38:46","date_gmt":"2014-10-15T21:38:46","guid":{"rendered":"http:\/\/bkircher.at\/wordpress\/?p=162"},"modified":"2016-06-08T19:38:51","modified_gmt":"2016-06-08T19:38:51","slug":"madison-violet","status":"publish","type":"page","link":"https:\/\/bkircher.at\/wordpress\/konzerte\/madison-violet\/","title":{"rendered":"Madison Violet"},"content":{"rendered":"<div   class='avia-fullscreen-slider main_color   avia-builder-el-0  el_before_av_textblock  avia-builder-el-first  container_wrap sidebar_right'  ><div  class='avia-slideshow av-av_fullscreen-431cceb4063230b15afff6b61ee966bf avia-slideshow-large av_fullscreen avia-slide-slider av-slideshow-ui av-slideshow-manual av-loop-once av-loop-manual-endless av-default-height-applied   avia-slideshow-1' data-slideshow-options=\"{&quot;animation&quot;:&quot;slide&quot;,&quot;autoplay&quot;:false,&quot;loop_autoplay&quot;:&quot;once&quot;,&quot;interval&quot;:5,&quot;loop_manual&quot;:&quot;manual-endless&quot;,&quot;autoplay_stopper&quot;:false,&quot;noNavigation&quot;:false,&quot;bg_slider&quot;:true,&quot;keep_padding&quot;:false,&quot;hoverpause&quot;:false,&quot;show_slide_delay&quot;:0,&quot;slide_height&quot;:&quot;100&quot;,&quot;image_attachment&quot;:&quot;&quot;}\"  itemprop=\"image\" itemscope=\"itemscope\" itemtype=\"https:\/\/schema.org\/ImageObject\" ><ul class='avia-slideshow-inner ' style='padding-bottom: 66.666666666667%;'><li style='background-position:Center Center;' data-img-url='https:\/\/bkircher.at\/wordpress\/wp-content\/uploads\/2014\/10\/madisonviolet-01.jpg' class='avia-slideshow-slide av-av_fullscreen-431cceb4063230b15afff6b61ee966bf__0  slide-1 slide-odd'><div data-rel='slideshow-1' class='avia-slide-wrap '   ><\/div><\/li><li style='background-position:Center Center;' data-img-url='https:\/\/bkircher.at\/wordpress\/wp-content\/uploads\/2014\/10\/madisonviolet-02.jpg' class='avia-slideshow-slide av-av_fullscreen-431cceb4063230b15afff6b61ee966bf__1  slide-2 slide-even'><div data-rel='slideshow-1' class='avia-slide-wrap '   ><\/div><\/li><\/ul><div class='avia-slideshow-arrows avia-slideshow-controls' ><a href='#prev' class='prev-slide ' aria-hidden='true' data-av_icon='\ue87c' data-av_iconfont='entypo-fontello'  tabindex='-1'>Zur\u00fcck<\/a><a href='#next' class='next-slide ' aria-hidden='true' data-av_icon='\ue87d' data-av_iconfont='entypo-fontello'  tabindex='-1'>Weiter<\/a><\/div><div class='avia-slideshow-dots avia-slideshow-controls'><a href='#1' class='goto-slide active' >1<\/a><a href='#2' class='goto-slide ' >2<\/a><\/div><\/div><\/div><div id='after_full_slider_1'  class='main_color av_default_container_wrap container_wrap sidebar_right'  ><div class='container av-section-cont-open' ><div class='template-page content  av-content-small alpha units'><div class='post-entry post-entry-type-page post-entry-162'><div class='entry-content-wrapper clearfix'>\n<section  class='av_textblock_section av-av_textblock-0366cc7376be6c9e82a3e9cc8987b64f '   itemscope=\"itemscope\" itemtype=\"https:\/\/schema.org\/CreativeWork\" ><div class='avia_textblock'  itemprop=\"text\" ><p>Normalerweise stehe ich ja weniger auf so gem\u00fctliche Country Folk Balladen, au\u00dfer sie werden so angenehm, gef\u00fchlvoll und gut instrumentiert vorgetragen wie von der kanadischen 2-M\u00e4dchen-Band Madison Violet. Schon beim ersten Konzert im November 2012 im Wiener Porgy &#038; Bess war ich von der perfekten Vortragsweise der beiden Kanadierinnen beeindruckt und habe mir vorgenommen beim n\u00e4chsten Konzert in Wien auch wieder dabei zu sein.<\/p>\n<p>Am 15.10.2014 war es wieder soweit: f\u00fcr l\u00e4ppische 18 Euro konnte man sie im Theater Akzent wiedersehen. Diesmal mit neuer &#8222;Band&#8220;: ein Schlagzeuger und ein Keyboarder\/Bassist unterst\u00fctzen das Duo und liefern einen etwas popigeren Sound als vor 2 Jahren. Auch das Publikum hat sich leicht ver\u00e4ndert und ist vorallem zahlenm\u00e4\u00dfig angewachsen, dennoch dauert das Konzert nur etwa 2 Stunden (bei 15 min. Pause in der man neben den 4 alten CDs auch das neueste Oeuvre &#8222;Year Of The Horse&#8220; erwerben konnte) &#8211; es h\u00e4tte durchaus etwas l\u00e4nger sein k\u00f6nnen, obwohl drei Zugaben gespielt wurden. Highlight f\u00fcr mich war die Schlussnummer: &#8222;Cindy, Cindy&#8220; mit schwungvoller Geigenuntermalung.<\/p>\n<\/div><\/section>\n","protected":false},"excerpt":{"rendered":"","protected":false},"author":1,"featured_media":160,"parent":269,"menu_order":0,"comment_status":"closed","ping_status":"closed","template":"","meta":{"footnotes":""},"class_list":["post-162","page","type-page","status-publish","has-post-thumbnail","hentry"],"_links":{"self":[{"href":"https:\/\/bkircher.at\/wordpress\/wp-json\/wp\/v2\/pages\/162","targetHints":{"allow":["GET"]}}],"collection":[{"href":"https:\/\/bkircher.at\/wordpress\/wp-json\/wp\/v2\/pages"}],"about":[{"href":"https:\/\/bkircher.at\/wordpress\/wp-json\/wp\/v2\/types\/page"}],"author":[{"embeddable":true,"href":"https:\/\/bkircher.at\/wordpress\/wp-json\/wp\/v2\/users\/1"}],"replies":[{"embeddable":true,"href":"https:\/\/bkircher.at\/wordpress\/wp-json\/wp\/v2\/comments?post=162"}],"version-history":[{"count":6,"href":"https:\/\/bkircher.at\/wordpress\/wp-json\/wp\/v2\/pages\/162\/revisions"}],"predecessor-version":[{"id":713,"href":"https:\/\/bkircher.at\/wordpress\/wp-json\/wp\/v2\/pages\/162\/revisions\/713"}],"up":[{"embeddable":true,"href":"https:\/\/bkircher.at\/wordpress\/wp-json\/wp\/v2\/pages\/269"}],"wp:featuredmedia":[{"embeddable":true,"href":"https:\/\/bkircher.at\/wordpress\/wp-json\/wp\/v2\/media\/160"}],"wp:attachment":[{"href":"https:\/\/bkircher.at\/wordpress\/wp-json\/wp\/v2\/media?parent=162"}],"curies":[{"name":"wp","href":"https:\/\/api.w.org\/{rel}","templated":true}]}}