{"id":246,"date":"2015-04-26T20:49:11","date_gmt":"2015-04-26T20:49:11","guid":{"rendered":"http:\/\/www.bkircher.at\/?page_id=246"},"modified":"2021-05-09T21:20:18","modified_gmt":"2021-05-09T19:20:18","slug":"about","status":"publish","type":"page","link":"https:\/\/bkircher.at\/wordpress\/about\/","title":{"rendered":"Impressum"},"content":{"rendered":"<p>Diese Seite (http:\/\/www.bkircher.at bzw. http:\/\/bernd.kircher.wien) ist eine private Homepage ohne gewerbliche Absichten und wird betrieben und betreut von Dipl.Ing. Bernd Kircher (im weiteren als &#8222;Autor&#8220; bezeichnet).<\/p>\n<h2 class=\"\">Kontaktinformation<\/h2>\n<p><img loading=\"lazy\" decoding=\"async\" class=\"alignnone size-full wp-image-138\" src=\"https:\/\/bkircher.at\/wordpress\/wp-content\/uploads\/2014\/08\/Impressum_Adresse.jpg\" alt=\"\" width=\"234\" height=\"183\" \/><\/p>\n<h2 class=\"\">Disclaimer\/Haftungsausschluss<\/h2>\n<h3 class=\"\">1. ALLGEMEINES<\/h3>\n<p>Diese Website (http:\/\/www.bkircher.at) wird als unabh\u00e4ngige, private Homepage betrieben. Die Erstellung und Pflege aller Seiten und Dokumente erfolgt auf freiwilliger Basis. Alle Seiten und Dokumente dienen ausschlie\u00dflich zu Informationszwecken und sie beschreiben pers\u00f6nliche Interessen und Meinungen des Autors.<\/p>\n<h3 class=\"\">2. INHALTE<\/h3>\n<p>S\u00e4mtliche Inhalte wurden sorgf\u00e4ltig gepr\u00fcft und es wird versucht, die bereitgestellten Informationen st\u00e4ndig auf neuestem Stand zu halten. Dessen ungeachtet \u00fcbernimmt der Autor keinerlei Gew\u00e4hr f\u00fcr die Aktualit\u00e4t, Richtigkeit, Korrektheit, Qualit\u00e4t oder Vollst\u00e4ndigkeit der bereitgestellten Inhalte dieser Website. Es kann daher keine Garantie daf\u00fcr \u00fcbernommen werden, dass alle Angaben zu jeder Zeit vollst\u00e4ndig, richtig und in letzter Aktualit\u00e4t dargestellt sind. Haftungsanspr\u00fcche gegen den Autor, die sich auf Sch\u00e4den materieller oder ideeller Art beziehen, die durch die Nutzung oder Nichtnutzung der dargebotenen Informationen bzw. durch die Nutzung fehlerhafter und unvollst\u00e4ndiger Informationen verursacht wurden, sind grunds\u00e4tzlich ausgeschlossen, sofern kein nachweislich vors\u00e4tzliches oder grob fahrl\u00e4ssiges Verschulden seitens des Autors vorliegt. Der Autor hat keinen Einfluss darauf, wie die hier angebotenen Informationen vom Nutzer verwendet, weitergegeben oder ver\u00e4ndert weitergegeben werden und kann daher f\u00fcr entstandene Sch\u00e4den, entgangene Vorteile oder sonstige mittelbare oder unmittelbare Folgen, welche aus der Nutzung der hier angebotenen Informationen entstehen, nicht haftbar gemacht werden. Der Autor beh\u00e4lt sich ausdr\u00fccklich vor, Teile der Seiten oder den gesamten Inhalt ohne gesonderte Ank\u00fcndigung zu ver\u00e4ndern, erg\u00e4nzen, l\u00f6schen oder zeitweise oder endg\u00fcltig einzustellen.<\/p>\n<h3 class=\"\">3. LINKS<\/h3>\n<p>Folgende Erkl\u00e4rung gilt f\u00fcr alle auf dieser Website angebrachten Links: Der Autor distanziert sich ausdr\u00fccklich von allen Inhalten jener Seiten von dritten Anbietern, die \u00fcber Links auf dieser Homepage erreichbar sind, und macht sich diese Inhalte nicht zu eigen. Der Autor verf\u00fcgt \u00fcber keinerlei Kontrollm\u00f6glichkeiten \u00fcber solche gelinkten Seiten und Quellen und ist f\u00fcr die Verf\u00fcgbarkeit solcher externen Sites oder Quellen nicht verantwortlich oder haftbar und schlie\u00dft jede Haftung oder Gew\u00e4hrleistung in Bezug auf diese aus. Wenn trotz gro\u00dfer Sorgfalt des Autors sich auf dieser Homepage ein Link zu einer externen Seite befinden sollte, auf der von dritter Seite rechtswidrige Inhalte verbreitet werden, so wird der Autor auf einen entsprechenden Hinweis hin den Link zu einer derartigen Seite sofort entfernen. Zudem ist der Autor nicht in der Lage, Verweise auf diese Homepage festzustellen oder zu \u00fcberpr\u00fcfen und daher in keinem Fall verantwortlich f\u00fcr die Inhalte von Internetseiten, die auf diese Homepage verweisen.<\/p>\n<h3 class=\"\">4. URHEBERRECHT &#038; COPYRIGHTS<\/h3>\n<p>Text, Bilder, Grafiken, Sound, Animationen und Videos sowie deren Anordnung auf dieser Homepage unterliegen dem Schutz des Urheberrechts und anderer Schutzgesetze. Der Inhalt dieser Websites darf nicht zu kommerziellen Zwecken kopiert, verbreitet, ver\u00e4ndert oder Dritten zug\u00e4nglich gemacht werden. Die Vervielf\u00e4ltigung und Publikation von Informationen oder Daten (Texten oder Textteilen sowie Bildmaterial) darf nur mit vorheriger und ausdr\u00fccklichen Zustimmung des Autors erfolgen.<br \/>\nDer Autor ist bestrebt, in allen Publikationen die Urheberrechte der verwendeten Grafiken, Tondokumente, Videosequenzen und Texte zu beachten, von ihm selbst erstellte Grafiken, Tondokumente, Videosequenzen und Texte zu nutzen oder auf lizenzfreie Grafiken, Tondokumente, Videosequenzen und Texte zur\u00fcckzugreifen. Alle innerhalb der Homepage genannten und ggf. durch Dritte gesch\u00fctzten Marken- und Warenzeichen unterliegen uneingeschr\u00e4nkt den Bestimmungen des jeweils g\u00fcltigen Kennzeichenrechts und den Besitzrechten der jeweiligen eingetragenen Eigent\u00fcmer. Allein aufgrund der blo\u00dfen Nennung ist nicht der Schluss zu ziehen, dass Markenzeichen nicht durch Rechte Dritter gesch\u00fctzt sind!<\/p>\n<h3 class=\"\">5. DATENSCHUTZ<\/h3>\n<p>Der Autor verpflichtet sich, die Privatsph\u00e4re aller Personen zu sch\u00fctzen, die diese Homepage nutzen, und die pers\u00f6nlichen Daten, die Besucher \u00fcberlassen, vertraulich zu behandeln. Sofern innerhalb der Homepage die M\u00f6glichkeit zur Eingabe pers\u00f6nlicher oder gesch\u00e4ftlicher Daten (Emailadressen, Namen, Adressen) besteht, erfolgt die Preisgabe dieser Daten seitens des Nutzers ausdr\u00fccklich auf freiwilliger Basis. Diese Daten werden nicht an Dritte weitergegeben. Wenn ein Besucher mittels E-mail oder Formular Kontakt zum Autor aufnehmen m\u00f6chte, so wird darauf hingewiesen, dass die pers\u00f6nlichen Daten, die dem Autor \u00fcbermittelt werden, elektronisch gespeichert werden, um sie f\u00fcr Kommunikationszwecke mit dieser Person zu verwenden. Auch diese Daten werden vom Autor grunds\u00e4tzlich nicht an Dritte verkauft oder vermietet und eine \u00dcbermittlung an Dritte erfolgt nur mit der Einwilligung der betroffenen Person.<\/p>\n<h3 class=\"\">Die Bekanntgabe der E-mail-Adresse des Autors ist keine Zustimmung des Autors zum Erhalt unaufgeforderter E-mails!<\/h3>\n<h3 class=\"\">Die dargestellten Tontr\u00e4ger (LPs, CDs, Singles, &#8230;) sind mein Privateigentum und nicht f\u00fcr den Verkauf bestimmt!<\/h3>\n","protected":false},"excerpt":{"rendered":"<p>Diese Seite (http:\/\/www.bkircher.at bzw. http:\/\/bernd.kircher.wien) ist eine private Homepage ohne gewerbliche Absichten und wird betrieben und betreut von Dipl.Ing. Bernd Kircher (im weiteren als &#8222;Autor&#8220; bezeichnet). Kontaktinformation Disclaimer\/Haftungsausschluss 1. ALLGEMEINES Diese Website (http:\/\/www.bkircher.at) wird als unabh\u00e4ngige, private Homepage betrieben. Die Erstellung und Pflege aller Seiten und Dokumente erfolgt auf freiwilliger Basis. Alle Seiten und Dokumente [&hellip;]<\/p>\n","protected":false},"author":1,"featured_media":0,"parent":0,"menu_order":999,"comment_status":"closed","ping_status":"closed","template":"","meta":{"footnotes":""},"class_list":["post-246","page","type-page","status-publish","hentry"],"_links":{"self":[{"href":"https:\/\/bkircher.at\/wordpress\/wp-json\/wp\/v2\/pages\/246","targetHints":{"allow":["GET"]}}],"collection":[{"href":"https:\/\/bkircher.at\/wordpress\/wp-json\/wp\/v2\/pages"}],"about":[{"href":"https:\/\/bkircher.at\/wordpress\/wp-json\/wp\/v2\/types\/page"}],"author":[{"embeddable":true,"href":"https:\/\/bkircher.at\/wordpress\/wp-json\/wp\/v2\/users\/1"}],"replies":[{"embeddable":true,"href":"https:\/\/bkircher.at\/wordpress\/wp-json\/wp\/v2\/comments?post=246"}],"version-history":[{"count":7,"href":"https:\/\/bkircher.at\/wordpress\/wp-json\/wp\/v2\/pages\/246\/revisions"}],"predecessor-version":[{"id":1795,"href":"https:\/\/bkircher.at\/wordpress\/wp-json\/wp\/v2\/pages\/246\/revisions\/1795"}],"wp:attachment":[{"href":"https:\/\/bkircher.at\/wordpress\/wp-json\/wp\/v2\/media?parent=246"}],"curies":[{"name":"wp","href":"https:\/\/api.w.org\/{rel}","templated":true}]}}