{"id":8,"date":"2014-07-17T21:59:59","date_gmt":"2014-07-17T21:59:59","guid":{"rendered":"http:\/\/bkircher.at\/wordpress\/?p=8"},"modified":"2016-06-08T18:49:11","modified_gmt":"2016-06-08T18:49:11","slug":"paul-anka-in-wien","status":"publish","type":"page","link":"https:\/\/bkircher.at\/wordpress\/konzerte\/paul-anka-in-wien\/","title":{"rendered":"Paul Anka in Wien"},"content":{"rendered":"\n<style type=\"text\/css\" data-created_by=\"avia_inline_auto\" id=\"style-css-av-av_image-60011c6113c2a617801dc8261b6ed4ce\">\n.avia-image-container.av-av_image-60011c6113c2a617801dc8261b6ed4ce img.avia_image{\nbox-shadow:none;\n}\n.avia-image-container.av-av_image-60011c6113c2a617801dc8261b6ed4ce .av-image-caption-overlay-center{\ncolor:#ffffff;\n}\n<\/style>\n<div  class='avia-image-container av-av_image-60011c6113c2a617801dc8261b6ed4ce av-styling- avia-align-center  avia-builder-el-0  el_before_av_textblock  avia-builder-el-first '   itemprop=\"image\" itemscope=\"itemscope\" itemtype=\"https:\/\/schema.org\/ImageObject\" ><div class=\"avia-image-container-inner\"><div class=\"avia-image-overlay-wrap\"><img decoding=\"async\" fetchpriority=\"high\" class='wp-image-7 avia-img-lazy-loading-not-7 avia_image ' src=\"https:\/\/bkircher.at\/wordpress\/wp-content\/uploads\/2014\/08\/1408295788_full-300x200.jpeg\" alt='' title='1408295788_full.jpeg'  height=\"200\" width=\"300\"  itemprop=\"thumbnailUrl\" srcset=\"https:\/\/bkircher.at\/wordpress\/wp-content\/uploads\/2014\/08\/1408295788_full-300x200.jpeg 300w, https:\/\/bkircher.at\/wordpress\/wp-content\/uploads\/2014\/08\/1408295788_full.jpeg 1024w\" sizes=\"(max-width: 300px) 100vw, 300px\" \/><\/div><\/div><\/div>\n<section  class='av_textblock_section av-av_textblock-0366cc7376be6c9e82a3e9cc8987b64f '   itemscope=\"itemscope\" itemtype=\"https:\/\/schema.org\/CreativeWork\" ><div class='avia_textblock'  itemprop=\"text\" ><p>Paul Anka, sowohl als S\u00e4nger von \u201eDiana\u201c, \u201eYou Ary My Destiny\u201c, \u201eA Steel Guitar And A Glass Of Wine\u201c und zahlreicher anderer Evergreen, als auch als Komponist von \u201eMy Way\u201c eine lebende Legende beehrte am 17. Juli 2014 die Bundeshauptstadt Wien. Der Las Vegas geeichte Showman (und das im besten Sinne des Wortes) lieferte eine fast 2 st\u00fcndige Show mit allen seinen Hits, aber auch vieler seiner Kompositionen. Sein Tribut an Buddy Holly, f\u00fcr den er den Hit \u201eIt Doesn\u2019t Matter Anymore\u201c komponiert hat, kam angesichts der gemeinsam erlebten Stunden auf diversen Konzerttourneen authentisch und ehrlich beim Publikum an, welches von Paul Anka immer wieder ins Konzertgeschehen direkt involviert wurde. Einfach eine tolle Leistung f\u00fcr den \u00fcber 70-j\u00e4hrigen Kanadier.<\/p>\n<\/div><\/section>\n","protected":false},"excerpt":{"rendered":"","protected":false},"author":1,"featured_media":0,"parent":269,"menu_order":0,"comment_status":"closed","ping_status":"open","template":"","meta":{"footnotes":""},"class_list":["post-8","page","type-page","status-publish","hentry"],"_links":{"self":[{"href":"https:\/\/bkircher.at\/wordpress\/wp-json\/wp\/v2\/pages\/8","targetHints":{"allow":["GET"]}}],"collection":[{"href":"https:\/\/bkircher.at\/wordpress\/wp-json\/wp\/v2\/pages"}],"about":[{"href":"https:\/\/bkircher.at\/wordpress\/wp-json\/wp\/v2\/types\/page"}],"author":[{"embeddable":true,"href":"https:\/\/bkircher.at\/wordpress\/wp-json\/wp\/v2\/users\/1"}],"replies":[{"embeddable":true,"href":"https:\/\/bkircher.at\/wordpress\/wp-json\/wp\/v2\/comments?post=8"}],"version-history":[{"count":8,"href":"https:\/\/bkircher.at\/wordpress\/wp-json\/wp\/v2\/pages\/8\/revisions"}],"predecessor-version":[{"id":257,"href":"https:\/\/bkircher.at\/wordpress\/wp-json\/wp\/v2\/pages\/8\/revisions\/257"}],"up":[{"embeddable":true,"href":"https:\/\/bkircher.at\/wordpress\/wp-json\/wp\/v2\/pages\/269"}],"wp:attachment":[{"href":"https:\/\/bkircher.at\/wordpress\/wp-json\/wp\/v2\/media?parent=8"}],"curies":[{"name":"wp","href":"https:\/\/api.w.org\/{rel}","templated":true}]}}